{"id":2430,"date":"2018-07-19T10:21:02","date_gmt":"2018-07-19T10:21:02","guid":{"rendered":"https:\/\/apartamentoscredencial.com\/bedingungen-und-konditionen\/"},"modified":"2024-08-19T13:53:59","modified_gmt":"2024-08-19T13:53:59","slug":"bedingungen-und-konditionen","status":"publish","type":"page","link":"https:\/\/apartamentoscredencial.com\/de\/bedingungen-und-konditionen\/","title":{"rendered":"Bedingungen und Konditionen"},"content":{"rendered":"\t\t<div data-elementor-type=\"wp-page\" data-elementor-id=\"2430\" class=\"elementor elementor-2430 elementor-151\">\n\t\t\t\t<div class=\"elementor-element elementor-element-6b8f6920 e-flex e-con-boxed e-con e-parent\" data-id=\"6b8f6920\" data-element_type=\"container\" data-e-type=\"container\">\n\t\t\t\t\t<div class=\"e-con-inner\">\n\t\t\t\t<div class=\"elementor-element elementor-element-1837cb74 elementor-widget elementor-widget-text-editor\" data-id=\"1837cb74\" data-element_type=\"widget\" data-e-type=\"widget\" data-widget_type=\"text-editor.default\">\n\t\t\t\t<div class=\"elementor-widget-container\">\n\t\t\t\t\t\t\t\t\t<h3>1. allgemeine Informationen<\/h3>\n<p>Grupo Credencial, mit der Lizenznummer H-LU-001452, verpflichtet sich, qualitativ hochwertige Hosting-Dienste anzubieten.<br \/>\nDurch die Nutzung unserer Dienste erkl\u00e4ren Sie sich mit den in diesem Dokument dargelegten Bedingungen und Konditionen einverstanden. <\/p>\n<h3>2. reservierungen und zahlungen<\/h3>\n<ul>\n<li><strong>Buchungsvorgang:<\/strong> Buchungen k\u00f6nnen \u00fcber unsere Website, telefonisch oder direkt an der Rezeption vorgenommen werden.<\/li>\n<li><strong>Zahlungsbedingungen:<\/strong> Eine vollst\u00e4ndige oder teilweise Zahlung ist zum Zeitpunkt der Buchung erforderlich, wie im Buchungsvorgang angegeben.<\/li>\n<li><strong>Best\u00e4tigung:<\/strong> Sie erhalten eine Best\u00e4tigung Ihrer Buchung per E-Mail.<\/li>\n<\/ul>\n<h3>3. Stornierungspolitik<\/h3>\n<ul>\n<li><strong>Kostenlose Stornierung:<\/strong> Stornierungen, die mindestens 76 Tage im Voraus erfolgen, werden in voller H\u00f6he erstattet.<\/li>\n<li><strong>Versp\u00e4tete Stornierungen:<\/strong> Bei Stornierungen, die weniger als 76 Tage im Voraus erfolgen, wird keine R\u00fcckerstattung gew\u00e4hrt.<\/li>\n<\/ul>\n<h3>4. Regeln der Koexistenz<\/h3>\n<ul>\n<li><strong>Die \u00d6ffnungszeiten:<\/strong> Der Check-in findet zwischen 14:00 und 00:00 Uhr statt.<br \/>\nWenn Sie in den fr\u00fchen Morgenstunden ankommen, teilen wir Ihnen den Zimmercode mit, damit Sie ohne Probleme Zugang zum Zimmer erhalten.<br \/>\nDer Check-out muss vor 11:00 Uhr erfolgen.  <\/li>\n<li><strong>Verbote:<\/strong> Haustiere sind in unseren Einrichtungen nicht erlaubt.<\/li>\n<li><strong>Verhalten:<\/strong> Von allen G\u00e4sten wird erwartet, dass sie sich respektvoll und nicht st\u00f6rend gegen\u00fcber anderen G\u00e4sten und dem Personal verhalten.<\/li>\n<\/ul>\n<h3>5. Herausragende Dienstleistungen<\/h3>\n<ul>\n<li><strong>Kostenloses Wi-Fi:<\/strong> In allen Gemeinschaftsbereichen und Zimmern verf\u00fcgbar.<\/li>\n<li><strong>Cafeteria Service:<\/strong> Ge\u00f6ffnet ab 7:00 Uhr morgens, mit einem Fr\u00fchst\u00fcck, das mit frischen, lokalen Zutaten zubereitet wird.<\/li>\n<li><strong>W\u00e4schebereich:<\/strong> Ausgestattet mit modernen Waschmaschinen und Trocknern.<\/li>\n<li><strong>Gep\u00e4ckabholservice:<\/strong> Gegen einen Aufpreis k\u00f6nnen Sie Ihr Gep\u00e4ck an jedem beliebigen Ort in Sarria abgeben und abholen lassen.<\/li>\n<li><strong>Privatparkplatz:<\/strong> Verf\u00fcgbar f\u00fcr 5\u20ac\/Nacht, so dass die Sicherheit Ihres Fahrzeugs gew\u00e4hrleistet ist.<\/li>\n<li><strong>Option Kinderbett:<\/strong> Auf Anfrage erh\u00e4ltlich.<\/li>\n<li><strong>Vollst\u00e4ndige K\u00fcche:<\/strong> In allen Zimmern verf\u00fcgbar.<\/li>\n<\/ul>\n<h3>6. Datenschutz<\/h3>\n<p>Ihre pers\u00f6nlichen Daten werden in \u00dcbereinstimmung mit unserer <a rel=\"noreferrer\">Datenschutzrichtlinie<\/a> behandelt, die den europ\u00e4ischen Datenschutzbestimmungen entspricht.<\/p>\n<h3>7. Geistiges Eigentum<\/h3>\n<p>Der gesamte Inhalt der Website, einschlie\u00dflich der Bilder, Logos und Texte, ist Eigentum von Grupo Credencial und durch Gesetze zum Schutz des geistigen Eigentums gesch\u00fctzt.<\/p>\n<h3>8. Anwendbares Recht und Gerichtsstand<\/h3>\n<p>Die Beziehungen zwischen Grupo Credencial und den Nutzern unserer Dienstleistungen unterliegen der spanischen Gesetzgebung.<br \/>\nAlle Streitigkeiten werden vor den zust\u00e4ndigen Gerichten in Lugo, Spanien, ausgetragen. <\/p>\n<h3>9. Kontakt<\/h3>\n<p>Wenn Sie Fragen zu diesen Bedingungen haben, k\u00f6nnen Sie uns \u00fcber unser Kontaktformular auf der Website oder direkt an der Rezeption kontaktieren.<\/p>\n\t\t\t\t\t\t\t\t<\/div>\n\t\t\t\t<\/div>\n\t\t\t\t\t<\/div>\n\t\t\t\t<\/div>\n\t\t\t\t<\/div>\n\t\t","protected":false},"excerpt":{"rendered":"<p>1. allgemeine Informationen Grupo Credencial, mit der Lizenznummer H-LU-001452, verpflichtet sich, qualitativ hochwertige Hosting-Dienste anzubieten. Durch die Nutzung unserer Dienste erkl\u00e4ren Sie sich mit den in diesem Dokument dargelegten Bedingungen und Konditionen einverstanden. 2. reservierungen und zahlungen Buchungsvorgang: Buchungen k\u00f6nnen \u00fcber unsere Website, telefonisch oder direkt an der Rezeption vorgenommen werden. Zahlungsbedingungen: Eine vollst\u00e4ndige oder &hellip; <a href=\"https:\/\/apartamentoscredencial.com\/de\/bedingungen-und-konditionen\/\" class=\"more-link\">Continue reading<span class=\"screen-reader-text\"> &#8220;Bedingungen und Konditionen&#8221;<\/span><\/a><\/p>\n","protected":false},"author":1,"featured_media":1759,"parent":0,"menu_order":0,"comment_status":"closed","ping_status":"closed","template":"","meta":{"footnotes":""},"class_list":["post-2430","page","type-page","status-publish","has-post-thumbnail","hentry"],"_links":{"self":[{"href":"https:\/\/apartamentoscredencial.com\/de\/wp-json\/wp\/v2\/pages\/2430","targetHints":{"allow":["GET"]}}],"collection":[{"href":"https:\/\/apartamentoscredencial.com\/de\/wp-json\/wp\/v2\/pages"}],"about":[{"href":"https:\/\/apartamentoscredencial.com\/de\/wp-json\/wp\/v2\/types\/page"}],"author":[{"embeddable":true,"href":"https:\/\/apartamentoscredencial.com\/de\/wp-json\/wp\/v2\/users\/1"}],"replies":[{"embeddable":true,"href":"https:\/\/apartamentoscredencial.com\/de\/wp-json\/wp\/v2\/comments?post=2430"}],"version-history":[{"count":0,"href":"https:\/\/apartamentoscredencial.com\/de\/wp-json\/wp\/v2\/pages\/2430\/revisions"}],"wp:featuredmedia":[{"embeddable":true,"href":"https:\/\/apartamentoscredencial.com\/de\/wp-json\/wp\/v2\/media\/1759"}],"wp:attachment":[{"href":"https:\/\/apartamentoscredencial.com\/de\/wp-json\/wp\/v2\/media?parent=2430"}],"curies":[{"name":"wp","href":"https:\/\/api.w.org\/{rel}","templated":true}]}}