{"id":3280,"date":"2025-09-17T10:43:53","date_gmt":"2025-09-17T10:43:53","guid":{"rendered":"https:\/\/apartamentoscredencial.com\/?page_id=3280"},"modified":"2025-09-17T10:43:54","modified_gmt":"2025-09-17T10:43:54","slug":"datenschutzbestimmungen-2","status":"publish","type":"page","link":"https:\/\/apartamentoscredencial.com\/de\/datenschutzbestimmungen-2\/","title":{"rendered":"Datenschutzbestimmungen"},"content":{"rendered":"\n<p><strong>1. einleitung<\/strong><\/p>\n\n<p>Im Credencial Guesthouse sch\u00e4tzen wir Ihre Privatsph\u00e4re und verpflichten uns, Ihre pers\u00f6nlichen Daten zu sch\u00fctzen.\nDiese Datenschutzerkl\u00e4rung erl\u00e4utert, wie wir Ihre pers\u00f6nlichen Daten in \u00dcbereinstimmung mit der Allgemeinen Datenschutzverordnung der Europ\u00e4ischen Union (GDPR) erfassen, verwenden, speichern und sch\u00fctzen. <\/p>\n\n<p><strong>2. datenkontrolleur<\/strong><\/p>\n\n<p>Der Verantwortliche f\u00fcr die Verarbeitung Ihrer pers\u00f6nlichen Daten ist:<\/p>\n\n<ul class=\"wp-block-list\">\n<li><strong>Name des Verantwortlichen:<\/strong> Credential Group<\/li>\n\n\n\n<li><strong>Adresse:<\/strong> R\u00faa Peregrino 48, Sarria, Lugo, Spanien<\/li>\n\n\n\n<li><strong>E-Mail:<\/strong> <a>info@pensioncredencial.com<\/a><\/li>\n\n\n\n<li><strong>Telefon:<\/strong> 982 87 64 55<\/li>\n<\/ul>\n\n<p><strong>3. Pers\u00f6nliche Daten, die wir sammeln<\/strong><\/p>\n\n<p>Wir k\u00f6nnen die folgenden Kategorien von personenbezogenen Daten erfassen und verarbeiten:<\/p>\n\n<ul class=\"wp-block-list\">\n<li><strong>Identifizierungsdaten:<\/strong> Vorname, Nachname, E-Mail-Adresse, Telefonnummer.<\/li>\n\n\n\n<li><strong>Transaktionsdaten:<\/strong> Details zu Zahlungen und Buchungen.<\/li>\n\n\n\n<li><strong>Pr\u00e4ferenzdaten:<\/strong> Pr\u00e4ferenzen f\u00fcr Unterk\u00fcnfte und Dienstleistungen.<\/li>\n\n\n\n<li><strong>Browsing-Daten:<\/strong> IP-Adresse, Browser-Typ, Zugriffszeit, besuchte Seiten.<\/li>\n<\/ul>\n\n<p><strong>4. Zwecke der Verarbeitung<\/strong><\/p>\n\n<p>Ihre pers\u00f6nlichen Daten k\u00f6nnen f\u00fcr die folgenden Zwecke verwendet werden:<\/p>\n\n<ul class=\"wp-block-list\">\n<li><strong>Buchungsverwaltung:<\/strong> Bearbeiten und verwalten Sie Ihre Unterkunftsbuchungen.<\/li>\n\n\n\n<li><strong>Kommunikation: um<\/strong> Ihre Anfragen zu beantworten und Ihnen Informationen \u00fcber unsere Dienstleistungen zukommen zu lassen.<\/li>\n\n\n\n<li><strong>Marketing: um<\/strong> Ihnen Werbeaktionen und Angebote zuzusenden, sofern Sie Ihre Zustimmung gegeben haben.<\/li>\n\n\n\n<li><strong>Verbesserung der Dienste:<\/strong> Analyse Ihrer Pr\u00e4ferenzen, um unsere Dienste zu verbessern und Ihre Erfahrungen zu personalisieren.<\/li>\n<\/ul>\n\n<p><strong>5. Rechtsgrundlage f\u00fcr die Verarbeitung<\/strong><\/p>\n\n<p>Wir verarbeiten Ihre personenbezogenen Daten auf den folgenden Rechtsgrundlagen:<\/p>\n\n<ul class=\"wp-block-list\">\n<li><strong>Ausf\u00fchrung eines Vertrags:<\/strong> zur Verwaltung und Erf\u00fcllung der angeforderten Buchungen und Dienstleistungen<strong>.<\/strong> <\/li>\n\n\n\n<li><strong>Zustimmung:<\/strong> f\u00fcr die Zusendung von kommerziellen Mitteilungen, wenn Sie Ihre Zustimmung gegeben haben.<\/li>\n\n\n\n<li><strong>Legitimes Interesse:<\/strong> um unsere Dienstleistungen zu verbessern und die Sicherheit unseres Betriebs zu gew\u00e4hrleisten.<\/li>\n<\/ul>\n\n<p><strong>6. Aufbewahrung von Daten<\/strong><\/p>\n\n<p>Ihre personenbezogenen Daten werden so lange aufbewahrt, wie es f\u00fcr die Erf\u00fcllung der Zwecke, f\u00fcr die sie erhoben wurden, erforderlich ist, und danach f\u00fcr die gesetzlich festgelegten Aufbewahrungsfristen.<\/p>\n\n<p><strong>7. Gemeinsame Nutzung von Daten<\/strong><\/p>\n\n<p>Wir k\u00f6nnen Ihre pers\u00f6nlichen Daten unter den folgenden Umst\u00e4nden an Dritte weitergeben:<\/p>\n\n<ul class=\"wp-block-list\">\n<li><strong>Dienstanbieter:<\/strong> um Zahlungen zu verarbeiten und Buchungen zu verwalten.<\/li>\n\n\n\n<li><strong>Gesetzliche Beh\u00f6rden:<\/strong> wenn dies gesetzlich vorgeschrieben ist oder um unsere Rechte zu sch\u00fctzen.<\/li>\n<\/ul>\n\n<p><strong>8. Ihre Rechte<\/strong><\/p>\n\n<p>Sie haben das Recht dazu:<\/p>\n\n<ul class=\"wp-block-list\">\n<li><strong>Zugriff auf Ihre pers\u00f6nlichen Daten.<\/strong><\/li>\n\n\n\n<li><strong>Korrigieren Sie ungenaue oder unvollst\u00e4ndige Daten.<\/strong><\/li>\n\n\n\n<li><strong>Beantragen Sie die L\u00f6schung Ihrer Daten.<\/strong><\/li>\n\n\n\n<li><strong>Schr\u00e4nken Sie die Verarbeitung Ihrer Daten ein.<\/strong><\/li>\n\n\n\n<li><strong>Widersprechen Sie der Verarbeitung Ihrer Daten.<\/strong><\/li>\n\n\n\n<li><strong>Ihre Daten an einen anderen Datenverantwortlichen weitergeben.<\/strong><\/li>\n\n\n\n<li><strong>Sie k\u00f6nnen Ihre Zustimmung jederzeit widerrufen.<\/strong><\/li>\n<\/ul>\n\n<p>Um diese Rechte auszu\u00fcben, k\u00f6nnen Sie uns unter <a>info@pensioncredencial.com<\/a> kontaktieren <a>.<\/a><\/p>\n\n<p><strong>9. Datensicherheit<\/strong><\/p>\n\n<p>Wir setzen angemessene technische und organisatorische Sicherheitsma\u00dfnahmen ein, um Ihre personenbezogenen Daten vor unbefugtem Zugriff, Verlust, Zerst\u00f6rung oder Ver\u00e4nderung zu sch\u00fctzen.<\/p>\n\n<p><strong>10. \u00c4nderungen der Datenschutzbestimmungen<\/strong><\/p>\n\n<p>Wir behalten uns das Recht vor, diese Datenschutzrichtlinie jederzeit zu aktualisieren.\n\u00c4nderungen werden auf unserer Website ver\u00f6ffentlicht und, falls erforderlich, werden wir Sie \u00fcber die \u00fcblichen Kommunikationsmittel informieren. <\/p>\n\n<p><strong>11. Kontakt<\/strong><\/p>\n\n<p>Wenn Sie Fragen oder Bedenken zu dieser Datenschutzrichtlinie oder zum Umgang mit Ihren pers\u00f6nlichen Daten haben, k\u00f6nnen Sie uns unter folgender Adresse kontaktieren:<\/p>\n\n<ul class=\"wp-block-list\">\n<li><strong>E-Mail:<\/strong> <a>info@pensioncredencial.com<\/a><\/li>\n\n\n\n<li><strong>Telefon:<\/strong> 982 87 64 55<\/li>\n<\/ul>\n\n<p><strong>Datum der letzten Aktualisierung:<\/strong> 23\/07\/2024<\/p>\n","protected":false},"excerpt":{"rendered":"<p>1. einleitung Im Credencial Guesthouse sch\u00e4tzen wir Ihre Privatsph\u00e4re und verpflichten uns, Ihre pers\u00f6nlichen Daten zu sch\u00fctzen. Diese Datenschutzerkl\u00e4rung erl\u00e4utert, wie wir Ihre pers\u00f6nlichen Daten in \u00dcbereinstimmung mit der Allgemeinen Datenschutzverordnung der Europ\u00e4ischen Union (GDPR) erfassen, verwenden, speichern und sch\u00fctzen. 2. datenkontrolleur Der Verantwortliche f\u00fcr die Verarbeitung Ihrer pers\u00f6nlichen Daten ist: 3. Pers\u00f6nliche Daten, die &hellip; <a href=\"https:\/\/apartamentoscredencial.com\/de\/datenschutzbestimmungen-2\/\" class=\"more-link\">Continue reading<span class=\"screen-reader-text\"> &#8220;Datenschutzbestimmungen&#8221;<\/span><\/a><\/p>\n","protected":false},"author":1,"featured_media":0,"parent":0,"menu_order":0,"comment_status":"closed","ping_status":"closed","template":"","meta":{"footnotes":""},"class_list":["post-3280","page","type-page","status-publish","hentry"],"_links":{"self":[{"href":"https:\/\/apartamentoscredencial.com\/de\/wp-json\/wp\/v2\/pages\/3280","targetHints":{"allow":["GET"]}}],"collection":[{"href":"https:\/\/apartamentoscredencial.com\/de\/wp-json\/wp\/v2\/pages"}],"about":[{"href":"https:\/\/apartamentoscredencial.com\/de\/wp-json\/wp\/v2\/types\/page"}],"author":[{"embeddable":true,"href":"https:\/\/apartamentoscredencial.com\/de\/wp-json\/wp\/v2\/users\/1"}],"replies":[{"embeddable":true,"href":"https:\/\/apartamentoscredencial.com\/de\/wp-json\/wp\/v2\/comments?post=3280"}],"version-history":[{"count":0,"href":"https:\/\/apartamentoscredencial.com\/de\/wp-json\/wp\/v2\/pages\/3280\/revisions"}],"wp:attachment":[{"href":"https:\/\/apartamentoscredencial.com\/de\/wp-json\/wp\/v2\/media?parent=3280"}],"curies":[{"name":"wp","href":"https:\/\/api.w.org\/{rel}","templated":true}]}}