{"id":2433,"date":"2018-07-19T10:21:02","date_gmt":"2018-07-19T10:21:02","guid":{"rendered":"https:\/\/apartamentoscredencial.com\/conditions-generales-dutilisation\/"},"modified":"2024-08-19T13:53:59","modified_gmt":"2024-08-19T13:53:59","slug":"conditions-generales-dutilisation","status":"publish","type":"page","link":"https:\/\/apartamentoscredencial.com\/fr\/conditions-generales-dutilisation\/","title":{"rendered":"Conditions g\u00e9n\u00e9rales d&#8217;utilisation"},"content":{"rendered":"\t\t<div data-elementor-type=\"wp-page\" data-elementor-id=\"2433\" class=\"elementor elementor-2433 elementor-151\">\n\t\t\t\t<div class=\"elementor-element elementor-element-6b8f6920 e-flex e-con-boxed e-con e-parent\" data-id=\"6b8f6920\" data-element_type=\"container\" data-e-type=\"container\">\n\t\t\t\t\t<div class=\"e-con-inner\">\n\t\t\t\t<div class=\"elementor-element elementor-element-1837cb74 elementor-widget elementor-widget-text-editor\" data-id=\"1837cb74\" data-element_type=\"widget\" data-e-type=\"widget\" data-widget_type=\"text-editor.default\">\n\t\t\t\t<div class=\"elementor-widget-container\">\n\t\t\t\t\t\t\t\t\t<h3>1) Informations g\u00e9n\u00e9rales<\/h3>\n<p>Grupo Credencial, avec le num\u00e9ro de licence H-LU-001452, s&#8217;engage \u00e0 fournir des services d&#8217;h\u00e9bergement de haute qualit\u00e9.<br \/>\nEn utilisant nos services, vous acceptez de vous conformer aux termes et conditions \u00e9nonc\u00e9s dans le pr\u00e9sent document. <\/p>\n<h3>2) R\u00e9servations et paiements<\/h3>\n<ul>\n<li><strong>Proc\u00e9dure de r\u00e9servation :<\/strong> Les r\u00e9servations peuvent \u00eatre effectu\u00e9es sur notre site Internet, par t\u00e9l\u00e9phone ou directement \u00e0 la r\u00e9ception.<\/li>\n<li><strong>Politique de paiement :<\/strong> un paiement total ou partiel est exig\u00e9 au moment de la r\u00e9servation, comme indiqu\u00e9 dans le processus de r\u00e9servation.<\/li>\n<li><strong>Confirmation :<\/strong> Vous recevrez une confirmation de votre r\u00e9servation par courrier \u00e9lectronique.<\/li>\n<\/ul>\n<h3>3. Politique d&#8217;annulation<\/h3>\n<ul>\n<li><strong>Annulation gratuite :<\/strong> les annulations effectu\u00e9es au moins 76 jours \u00e0 l&#8217;avance seront int\u00e9gralement rembours\u00e9es.<\/li>\n<li><strong>Annulations tardives :<\/strong> les annulations effectu\u00e9es moins de 76 jours \u00e0 l&#8217;avance ne seront pas rembours\u00e9es.<\/li>\n<\/ul>\n<h3>4. R\u00e8gles de coexistence<\/h3>\n<ul>\n<li><strong>Horaires d&#8217;ouverture :<\/strong> L&#8217;enregistrement a lieu entre 14h00 et 00h00.<br \/>\nSi vous arrivez t\u00f4t le matin, nous vous fournirons le code de la chambre afin que vous puissiez y acc\u00e9der sans probl\u00e8me.<br \/>\nLe d\u00e9part doit avoir lieu avant 11h00.  <\/li>\n<li><strong>Interdictions :<\/strong> Les animaux domestiques ne sont pas admis dans nos installations.<\/li>\n<li><strong>Comportement :<\/strong> tous les h\u00f4tes sont tenus d&#8217;adopter un comportement respectueux et non perturbateur \u00e0 l&#8217;\u00e9gard des autres h\u00f4tes et du personnel.<\/li>\n<\/ul>\n<h3>5. Services exceptionnels<\/h3>\n<ul>\n<li><strong>Wi-Fi gratuit :<\/strong> disponible dans tous les espaces communs et dans les chambres.<\/li>\n<li><strong>Service de caf\u00e9t\u00e9ria :<\/strong> ouvert \u00e0 partir de 7h00, il propose un petit-d\u00e9jeuner pr\u00e9par\u00e9 \u00e0 partir d&#8217;ingr\u00e9dients frais et locaux.<\/li>\n<li><strong>Buanderie :<\/strong> \u00e9quip\u00e9e de machines \u00e0 laver et de s\u00e8che-linge modernes<strong>.<\/strong> <\/li>\n<li><strong>Service de collecte des bagages :<\/strong> disponible moyennant des frais suppl\u00e9mentaires, permettant la livraison et la collecte des bagages \u00e0 n&#8217;importe quel endroit de Sarria.<\/li>\n<li><strong>Parking priv\u00e9 :<\/strong> disponible pour 5\u20ac\/nuit, garantissant la s\u00e9curit\u00e9 de votre v\u00e9hicule.<\/li>\n<li><strong>Option lit d&#8217;enfant :<\/strong> disponible sur demande.<\/li>\n<li><strong>Cuisine compl\u00e8te :<\/strong> disponible dans toutes les chambres<strong>.<\/strong> <\/li>\n<\/ul>\n<h3>6. Protection des donn\u00e9es<\/h3>\n<p>Vos donn\u00e9es personnelles seront trait\u00e9es conform\u00e9ment \u00e0 notre <a rel=\"noreferrer\">politique de confidentialit\u00e9<\/a>, qui est conforme \u00e0 la r\u00e9glementation europ\u00e9enne en mati\u00e8re de protection des donn\u00e9es.<\/p>\n<h3>7. Propri\u00e9t\u00e9 intellectuelle<\/h3>\n<p>Tout le contenu du site web, y compris les images, les logos et les textes, est la propri\u00e9t\u00e9 de Grupo Credencial et est prot\u00e9g\u00e9 par les lois sur la propri\u00e9t\u00e9 intellectuelle.<\/p>\n<h3>8. Droit applicable et juridiction<\/h3>\n<p>Les relations entre Grupo Credencial et les utilisateurs de nos services seront r\u00e9gies par la l\u00e9gislation espagnole.<br \/>\nTout litige sera r\u00e9solu par les tribunaux comp\u00e9tents de Lugo, Espagne. <\/p>\n<h3>9. Contact<\/h3>\n<p>Si vous avez des questions ou des interrogations concernant ces conditions g\u00e9n\u00e9rales, vous pouvez nous contacter via notre formulaire de contact sur le site web ou directement \u00e0 la r\u00e9ception.<\/p>\n\t\t\t\t\t\t\t\t<\/div>\n\t\t\t\t<\/div>\n\t\t\t\t\t<\/div>\n\t\t\t\t<\/div>\n\t\t\t\t<\/div>\n\t\t","protected":false},"excerpt":{"rendered":"<p>1) Informations g\u00e9n\u00e9rales Grupo Credencial, avec le num\u00e9ro de licence H-LU-001452, s&#8217;engage \u00e0 fournir des services d&#8217;h\u00e9bergement de haute qualit\u00e9. En utilisant nos services, vous acceptez de vous conformer aux termes et conditions \u00e9nonc\u00e9s dans le pr\u00e9sent document. 2) R\u00e9servations et paiements Proc\u00e9dure de r\u00e9servation : Les r\u00e9servations peuvent \u00eatre effectu\u00e9es sur notre site Internet, &hellip; <a href=\"https:\/\/apartamentoscredencial.com\/fr\/conditions-generales-dutilisation\/\" class=\"more-link\">Continue reading<span class=\"screen-reader-text\"> &#8220;Conditions g\u00e9n\u00e9rales d&#8217;utilisation&#8221;<\/span><\/a><\/p>\n","protected":false},"author":1,"featured_media":1758,"parent":0,"menu_order":0,"comment_status":"closed","ping_status":"closed","template":"","meta":{"footnotes":""},"class_list":["post-2433","page","type-page","status-publish","has-post-thumbnail","hentry"],"_links":{"self":[{"href":"https:\/\/apartamentoscredencial.com\/fr\/wp-json\/wp\/v2\/pages\/2433","targetHints":{"allow":["GET"]}}],"collection":[{"href":"https:\/\/apartamentoscredencial.com\/fr\/wp-json\/wp\/v2\/pages"}],"about":[{"href":"https:\/\/apartamentoscredencial.com\/fr\/wp-json\/wp\/v2\/types\/page"}],"author":[{"embeddable":true,"href":"https:\/\/apartamentoscredencial.com\/fr\/wp-json\/wp\/v2\/users\/1"}],"replies":[{"embeddable":true,"href":"https:\/\/apartamentoscredencial.com\/fr\/wp-json\/wp\/v2\/comments?post=2433"}],"version-history":[{"count":0,"href":"https:\/\/apartamentoscredencial.com\/fr\/wp-json\/wp\/v2\/pages\/2433\/revisions"}],"wp:featuredmedia":[{"embeddable":true,"href":"https:\/\/apartamentoscredencial.com\/fr\/wp-json\/wp\/v2\/media\/1758"}],"wp:attachment":[{"href":"https:\/\/apartamentoscredencial.com\/fr\/wp-json\/wp\/v2\/media?parent=2433"}],"curies":[{"name":"wp","href":"https:\/\/api.w.org\/{rel}","templated":true}]}}