{"id":3279,"date":"2025-09-17T10:43:53","date_gmt":"2025-09-17T10:43:53","guid":{"rendered":"https:\/\/apartamentoscredencial.com\/?page_id=3279"},"modified":"2025-11-20T15:49:48","modified_gmt":"2025-11-20T15:49:48","slug":"politique-de-confidentialite-2","status":"publish","type":"page","link":"https:\/\/apartamentoscredencial.com\/fr\/politique-de-confidentialite-2\/","title":{"rendered":"Avis juridique"},"content":{"rendered":"\n<p><strong>DONN\u00c9ES D&#8217;IDENTIFICATION DE LA PERSONNE RESPONSABLE DU SITE WEB<\/strong><br\/>Conform\u00e9ment \u00e0 l&#8217;obligation d&#8217;information pr\u00e9vue \u00e0 l&#8217;article 10 de la loi 34\/2002, du 11 juillet, sur les services de la soci\u00e9t\u00e9 de l&#8217;information et le commerce \u00e9lectronique, les donn\u00e9es suivantes sont fournies :<\/p>\n\n<ul class=\"wp-block-list\">\n<li>Propri\u00e9taire : <strong>TREVIJANO PEREZ S.L.<\/strong><\/li>\n\n\n\n<li>NUM\u00c9RO DE TVA : <strong>B27453547<\/strong><\/li>\n\n\n\n<li>Si\u00e8ge social : <strong>Calle Peregrino, 50, Bajo A, 27600 &#8211; Sarria (Lugo), Espagne<\/strong><\/li>\n\n\n\n<li>T\u00e9l\u00e9phone :<a href=\"tel:982876455\" target=\"_blank\" rel=\"noreferrer noopener\"> 982 87 64 55<\/a><\/li>\n\n\n\n<li>Courriel : <a href=\"mailto:info@apartamentoscredencial.com\" target=\"_blank\" rel=\"noreferrer noopener\">info@apartamentoscredencial.com<\/a><\/li>\n\n\n\n<li>Registre du commerce : inscrit au registre du commerce de Lugo.<\/li>\n<\/ul>\n\n<p>Le domaine <strong><a href=\"https:\/\/apartamentoscredencial.com\">www.apartamentoscredencial.com<\/a><\/strong> (ci-apr\u00e8s, le &#8220;site web&#8221;) est la propri\u00e9t\u00e9 de TREVIJANO PEREZ S.L.<\/p>\n\n<hr class=\"wp-block-separator has-alpha-channel-opacity\"\/>\n\n<p><strong>UTILISATEURS<\/strong><br\/>L&#8217;acc\u00e8s et\/ou l&#8217;utilisation de ce portail attribue la condition d&#8217;UTILISATEUR, qui accepte, \u00e0 partir de cet acc\u00e8s et\/ou de cette utilisation, les conditions refl\u00e9t\u00e9es ici.<\/p>\n\n<hr class=\"wp-block-separator has-alpha-channel-opacity\"\/>\n\n<p><strong>UTILISATION DU SITE WEB<\/strong><br\/>Le site Web permet d&#8217;acc\u00e9der \u00e0 des informations, des services et des r\u00e9servations de logement dans des appartements touristiques. L&#8217;UTILISATEUR s&#8217;engage \u00e0 faire un usage appropri\u00e9 des contenus et des services, en s&#8217;abstenant de les utiliser pour des activit\u00e9s illicites ou contraires \u00e0 la bonne foi. <\/p>\n\n<hr class=\"wp-block-separator has-alpha-channel-opacity\"\/>\n\n<p><strong>PROPRI\u00c9T\u00c9 INTELLECTUELLE ET INDUSTRIELLE<\/strong><br\/>Tous les contenus du site Web (textes, images, design, logos, etc.) sont la propri\u00e9t\u00e9 de TREVIJANO PEREZ S.L. ou de tiers ayant autoris\u00e9 leur utilisation. Leur reproduction, distribution ou communication publique est interdite sans autorisation. <\/p>\n\n<hr class=\"wp-block-separator has-alpha-channel-opacity\"\/>\n\n<p><strong>EXCLUSION DE GARANTIE ET DE RESPONSABILIT\u00c9<\/strong><br\/>TREVIJANO PEREZ S.L. d\u00e9cline toute responsabilit\u00e9 pour les dommages d\u00e9coulant d&#8217;erreurs dans les contenus, du manque de disponibilit\u00e9 du site Web ou de la transmission de virus, bien qu&#8217;elle ait adopt\u00e9 des mesures technologiques pour l&#8217;\u00e9viter.<\/p>\n\n<hr class=\"wp-block-separator has-alpha-channel-opacity\"\/>\n\n<p><strong>MODIFICACIONES<\/strong><br\/>TREVIJANO PEREZ S.L. se r\u00e9serve le droit d&#8217;apporter des modifications au site web et au pr\u00e9sent avis juridique sans pr\u00e9avis.<\/p>\n\n<hr class=\"wp-block-separator has-alpha-channel-opacity\"\/>\n\n<p><strong>LIENS<\/strong><br\/>Le site Web peut contenir des liens vers des sites de tiers. TREVIJANO PEREZ S.L. n&#8217;est pas responsable de leur contenu ni de la disponibilit\u00e9 technique de ces sites. <\/p>\n\n<hr class=\"wp-block-separator has-alpha-channel-opacity\"\/>\n\n<p><strong>LOI APPLICABLE ET JURIDICTION<\/strong><br\/>La relation entre TREVIJANO PEREZ S.L. et l&#8217;UTILISATEUR est r\u00e9gie par la loi espagnole. Les parties se soumettent aux cours et tribunaux de Sarria (Lugo), sauf disposition contraire de la loi. <\/p>\n","protected":false},"excerpt":{"rendered":"<p>DONN\u00c9ES D&#8217;IDENTIFICATION DE LA PERSONNE RESPONSABLE DU SITE WEBConform\u00e9ment \u00e0 l&#8217;obligation d&#8217;information pr\u00e9vue \u00e0 l&#8217;article 10 de la loi 34\/2002, du 11 juillet, sur les services de la soci\u00e9t\u00e9 de l&#8217;information et le commerce \u00e9lectronique, les donn\u00e9es suivantes sont fournies : Le domaine www.apartamentoscredencial.com (ci-apr\u00e8s, le &#8220;site web&#8221;) est la propri\u00e9t\u00e9 de TREVIJANO PEREZ S.L. &hellip; <a href=\"https:\/\/apartamentoscredencial.com\/fr\/politique-de-confidentialite-2\/\" class=\"more-link\">Continue reading<span class=\"screen-reader-text\"> &#8220;Avis juridique&#8221;<\/span><\/a><\/p>\n","protected":false},"author":1,"featured_media":0,"parent":0,"menu_order":0,"comment_status":"closed","ping_status":"closed","template":"","meta":{"footnotes":""},"class_list":["post-3279","page","type-page","status-publish","hentry"],"_links":{"self":[{"href":"https:\/\/apartamentoscredencial.com\/fr\/wp-json\/wp\/v2\/pages\/3279","targetHints":{"allow":["GET"]}}],"collection":[{"href":"https:\/\/apartamentoscredencial.com\/fr\/wp-json\/wp\/v2\/pages"}],"about":[{"href":"https:\/\/apartamentoscredencial.com\/fr\/wp-json\/wp\/v2\/types\/page"}],"author":[{"embeddable":true,"href":"https:\/\/apartamentoscredencial.com\/fr\/wp-json\/wp\/v2\/users\/1"}],"replies":[{"embeddable":true,"href":"https:\/\/apartamentoscredencial.com\/fr\/wp-json\/wp\/v2\/comments?post=3279"}],"version-history":[{"count":0,"href":"https:\/\/apartamentoscredencial.com\/fr\/wp-json\/wp\/v2\/pages\/3279\/revisions"}],"wp:attachment":[{"href":"https:\/\/apartamentoscredencial.com\/fr\/wp-json\/wp\/v2\/media?parent=3279"}],"curies":[{"name":"wp","href":"https:\/\/api.w.org\/{rel}","templated":true}]}}